{"id":4,"date":"2011-07-25T20:45:16","date_gmt":"2011-07-25T20:45:16","guid":{"rendered":"http:\/\/www.maketudizains.lv\/?page_id=4"},"modified":"2024-07-28T21:07:06","modified_gmt":"2024-07-28T18:07:06","slug":"contacts","status":"publish","type":"page","link":"https:\/\/www.maketudizains.lv\/en\/contacts\/","title":{"rendered":"Contacts"},"content":{"rendered":"<p><strong>Atis Sirmais<\/strong><br \/>\nE-pasts: <em>sirmais.atis@gmail.com<\/em><br \/>\nMob. T\u0101lr. +371 26362833<br \/>\nRiga, Latvia<br \/>\nINSTAGRAM: @maketudizains<\/p>\n<p><strong>Agnese Sirm\u0101<\/strong><br \/>\nE-pasts: <em>agnese.sirma@gmail.com<\/em><br \/>\nMob. T\u0101lr. +371 26426178<br \/>\nRiga, Latvia<\/p>","protected":false},"excerpt":{"rendered":"<p>Atis Sirmais E-pasts: sirmais.atis@gmail.com Mob. T\u0101lr. +371 26362833 Riga, Latvia INSTAGRAM: @maketudizains Agnese Sirm\u0101 E-pasts: agnese.sirma@gmail.com Mob. T\u0101lr. +371 26426178 Riga, Latvia<\/p>","protected":false},"author":1,"featured_media":0,"parent":0,"menu_order":5,"comment_status":"open","ping_status":"closed","template":"","meta":{"ngg_post_thumbnail":0,"footnotes":""},"class_list":["post-4","page","type-page","status-publish","hentry"],"_links":{"self":[{"href":"https:\/\/www.maketudizains.lv\/en\/wp-json\/wp\/v2\/pages\/4","targetHints":{"allow":["GET"]}}],"collection":[{"href":"https:\/\/www.maketudizains.lv\/en\/wp-json\/wp\/v2\/pages"}],"about":[{"href":"https:\/\/www.maketudizains.lv\/en\/wp-json\/wp\/v2\/types\/page"}],"author":[{"embeddable":true,"href":"https:\/\/www.maketudizains.lv\/en\/wp-json\/wp\/v2\/users\/1"}],"replies":[{"embeddable":true,"href":"https:\/\/www.maketudizains.lv\/en\/wp-json\/wp\/v2\/comments?post=4"}],"version-history":[{"count":15,"href":"https:\/\/www.maketudizains.lv\/en\/wp-json\/wp\/v2\/pages\/4\/revisions"}],"predecessor-version":[{"id":1301,"href":"https:\/\/www.maketudizains.lv\/en\/wp-json\/wp\/v2\/pages\/4\/revisions\/1301"}],"wp:attachment":[{"href":"https:\/\/www.maketudizains.lv\/en\/wp-json\/wp\/v2\/media?parent=4"}],"curies":[{"name":"wp","href":"https:\/\/api.w.org\/{rel}","templated":true}]}}