{"id":9,"date":"2011-07-25T20:49:16","date_gmt":"2011-07-25T17:49:16","guid":{"rendered":"http:\/\/www.maketudizains.lv\/?page_id=9"},"modified":"2024-09-06T17:49:34","modified_gmt":"2024-09-06T14:49:34","slug":"about-us","status":"publish","type":"page","link":"https:\/\/www.maketudizains.lv\/en\/","title":{"rendered":"About us"},"content":{"rendered":"<p>Model design or Maketudizains designs and constructs scale models of various types including architectural, town planning, manufacturing prototypes, theater stage models and interior. We create models to meet whatever purpose intended \u2013 from planning commisions, architect and contractor meetings, project construction technical verification, design competitions and real estate operations.<\/p>\n<p>We have experience in creating convertible architectural models which show all interior structure by floors as well as detailed interior models with specific furniture type, layout and coloring.\nOur long year experience and the use of professional equipment like CNC cutter, plotters and lazer technology guarantees excelence many architects have commended.<\/p>\n<p>Our staff consist of people who have studied in architecture and design based fields and understand how a building or construction works in real life and therefore can professionaly select the most appropriate materials and techniques.<\/p>\n<p>We work with a wide variety of materials which include plastic, organic glass, clearglass, adhesive film, raw materials, composite materials, paper, cardboard, wood and plywood, metal etc.<\/p>\n<p><span style=\"color: #ffcc99;\"><strong>Veicam \u0113ku, b\u016bvju un telpu grupu uzm\u0113r\u012b\u0161anu &nbsp;projekt\u0113\u0161anas vajadz\u012bb\u0101m, nomas l\u012bgumiem, tirgus v\u0113rt\u012bbas noteik\u0161anai, uc. vajadz\u012bb\u0101m. K\u0101 ar\u012b uzm\u0113r\u012b\u0161anas laik\u0101 varam veikt uzm\u0113r\u0101m\u0101 objekta fotofiks\u0101ciju.<\/strong><\/span><\/p>\n<p><strong><span style=\"color: #ff0000;\">&nbsp; &nbsp; &nbsp; &nbsp; &nbsp; &nbsp; &nbsp; &nbsp; &nbsp; &nbsp; &nbsp; &nbsp; &nbsp; &nbsp;INSTAGRAM&nbsp; &nbsp;@maketudizains<\/span><\/strong><\/p>","protected":false},"excerpt":{"rendered":"<p>Izgatavojam pils\u0113tb\u016bvnieciskos, reljefu, \u0113ku, telpu interjera deta\u013cu, scenogr\u0101fijas maketus utt. Maketi pieejami visos iesp\u0113jamos m\u0113rogos &#8211; 1:10,&nbsp;1:20,&nbsp;1:50,&nbsp;1:100,&nbsp;1:200,&nbsp;1:250,&nbsp;1:500,&nbsp;1:1000,&nbsp;1:2000 var ar\u012b 1:187, vai 1:113 vai v\u0113l k\u0101d\u0101 cit\u0101 m\u0113rog\u0101. Arhitekt\u016bras maketu izgatavo\u0161anai izmantoju plastmasu, organisko stiklu, l\u012bmpl\u0113ves, pl\u0113ves, pap\u012bru, kartonu, koku, met\u0101lu u.c. materi\u0101lus p\u0113c vajadz\u012bbas. Maketi var b\u016bt vienkr\u0101saini, kr\u0101saini, raibi utt. Viss atkar\u012bgs no pas\u016bt\u012bt\u0101ja [&hellip;]<\/p>","protected":false},"author":1,"featured_media":0,"parent":0,"menu_order":1,"comment_status":"open","ping_status":"closed","template":"","meta":{"ngg_post_thumbnail":0,"footnotes":""},"class_list":["post-9","page","type-page","status-publish","hentry"],"_links":{"self":[{"href":"https:\/\/www.maketudizains.lv\/en\/wp-json\/wp\/v2\/pages\/9","targetHints":{"allow":["GET"]}}],"collection":[{"href":"https:\/\/www.maketudizains.lv\/en\/wp-json\/wp\/v2\/pages"}],"about":[{"href":"https:\/\/www.maketudizains.lv\/en\/wp-json\/wp\/v2\/types\/page"}],"author":[{"embeddable":true,"href":"https:\/\/www.maketudizains.lv\/en\/wp-json\/wp\/v2\/users\/1"}],"replies":[{"embeddable":true,"href":"https:\/\/www.maketudizains.lv\/en\/wp-json\/wp\/v2\/comments?post=9"}],"version-history":[{"count":38,"href":"https:\/\/www.maketudizains.lv\/en\/wp-json\/wp\/v2\/pages\/9\/revisions"}],"predecessor-version":[{"id":1305,"href":"https:\/\/www.maketudizains.lv\/en\/wp-json\/wp\/v2\/pages\/9\/revisions\/1305"}],"wp:attachment":[{"href":"https:\/\/www.maketudizains.lv\/en\/wp-json\/wp\/v2\/media?parent=9"}],"curies":[{"name":"wp","href":"https:\/\/api.w.org\/{rel}","templated":true}]}}